{"id":244,"date":"2025-01-20T11:36:10","date_gmt":"2025-01-20T16:36:10","guid":{"rendered":"https:\/\/eaglegospelmusic.com\/biography\/"},"modified":"2025-01-20T18:20:43","modified_gmt":"2025-01-20T23:20:43","slug":"biography","status":"publish","type":"page","link":"https:\/\/eaglegospelmusic.com\/fr\/biography\/","title":{"rendered":"Biographie"},"content":{"rendered":"<h2><img loading=\"lazy\" decoding=\"async\" class=\"size-full wp-image-103 alignleft\" src=\"https:\/\/eaglegospelmusic.com\/wp-content\/uploads\/2025\/01\/Lion-Me-Same-Direction-01.jpg\" alt=\"Lion &amp; Me - Same Direction 01\" width=\"360\" height=\"300\" \/><strong>Biographie de Monsieur Corneille Karekezi<\/strong><\/h2>\n<p>Monsieur Corneille Karekezi est un auteur, un chanteur et un producteur de musique chr\u00e9tienne.<\/p>\n<p>Lorsqu&#8217;on lui demande pourquoi il a r\u00e9cemment commenc\u00e9 \u00e0 composer, \u00e0 chanter et \u00e0 publier des chants de louange et d&#8217;\u00e9vang\u00e9lisation, Corneille Karekezi (a.k.a. CK) clarifie qu&#8217;il \u00e9tait d\u00e9j\u00e0 un compositeur de musique chr\u00e9tienne depuis plusieurs ann\u00e9es et chanteur dans des \u00e9glises et petits rassemblements de croyants. Pour lui, ce qui est vraiment nouveau, c&#8217;est tout simplement l&#8217;enregistrement et la publication de ses chansons aupr\u00e8s d&#8217;un grand public sous forme d&#8217;un album CD et la pr\u00e9sentation devant une audience plus grande lorsqu\u2019il a lanc\u00e9 son premier album &#8220;<em>Akira Iyi Ndirimbo Ngutuye Yesu<\/em>&#8221; en Ao\u00fbt 2015 dans la salle de l&#8217;H\u00f4tel Serena de Kigali.<\/p>\n<p><strong>Qui est CK? <\/strong><\/p>\n<p>Dans le cadre formel, CK est chef d\u2019une organisation et soci\u00e9t\u00e9 bas\u00e9e \u00e0 Lagos, au Nigeria. Il \u00e9tait Directeur G\u00e9n\u00e9ral de la SONARWA, la principale compagnie d&#8217;assurance rwandaise d\u2019alors, avant de quitter le Rwanda en 2009 pour devenir Directeur G\u00e9n\u00e9ral du Groupe <em>African Reinsurance Corporation<\/em> (Africa Re, www.africa-re.com), la plus grande compagnie de r\u00e9assurance en Afrique, au Proche et au Moyen Orient dont le si\u00e8ge est \u00e0 Lagos. Cette soci\u00e9t\u00e9 s&#8217;est class\u00e9e au 39<sup>\u00e8me<\/sup> rang parmi les 40 premiers groupes mondiaux de r\u00e9assurance de la liste <em>Standard &amp; Poor<\/em> de 2016.<\/p>\n<p><strong>Sa Passion pour les chants chr\u00e9tiens<\/strong><\/p>\n<p>Bien que son poste actuel de Directeur G\u00e9n\u00e9ral d&#8217;une organisation multinationale semble important et trop exigeant, CK dit qu&#8217;il trouve encore le temps de composer et d&#8217;enregistrer des chansons et ajoute ceci: \u00ab<em>si je devais choisir mon travail, je pr\u00e9f\u00e8rerais \u00eatre un chanteur, un chanteur de gospel pour \u00eatre pr\u00e9cis<\/em>&#8220;.<\/p>\n<p>Pour t\u00e9moigner de sa passion pour les chansons chr\u00e9tiennes, il raconte en plaisantant que, parfois dans les ann\u00e9es 90, alors qu&#8217;il vivait \u00e0 Kicukiro, Kigali, au Rwanda, il se r\u00e9veillait tr\u00e8s t\u00f4t le matin et chantait des hymnes chr\u00e9tiens qu\u2019un perroquet domestique r\u00e9p\u00e9tait plus tard dans la journ\u00e9e par un perroquet domestique \u00e0 l&#8217;\u00e9tonnement des membres de sa famille.<\/p>\n<p>Il d\u00e9fend aussi son choix en disant que \u00ab<em>chanter est la forme la plus \u00e9lev\u00e9e de d\u00e9votion, en fait la seule occupation perp\u00e9tuelle des anges s\u00e9raphins et ch\u00e9rubins dans le ciel et la seule t\u00e2che que nous aurons \u00e0 faire le plus pour des milliards d&#8217;ann\u00e9es une fois au ciel&#8221;<\/em>.<\/p>\n<p>Lorsque CK a accept\u00e9 J\u00e9sus-Christ comme son Sauveur, Seigneur et Dieu en 1984, il voulait conna\u00eetre et chanter chaque chanson chr\u00e9tienne et a d\u00fb \u00e9crire \u00e0 la main un livret complet de chansons chr\u00e9tiennes pr\u00e9f\u00e9r\u00e9es. Plus tard, avec l&#8217;av\u00e8nement du traitement de texte par ordinateur, il a travaill\u00e9 activement avec ses amis pour produire le premier livre imprim\u00e9 de chansons de son \u00e9glise pour permettre \u00e0 plus de gens de les avoir \u00e0 leur port\u00e9e et d\u2019en jouir.<\/p>\n<p>\u00c0 chaque occasion qui lui est accord\u00e9e, CK d\u00e9montre sa passion pour les chants chr\u00e9tiens \u00e0 travers des louanges et des actions de gr\u00e2ce adress\u00e9es \u00e0 Dieu\u00a0; par exemple en chantant du gospel devant des croyants et dans des \u00e9glises au Burundi, au Rwanda, au Kenya et en Belgique.<\/p>\n<p>Finalement, sa passion pour la musique \u00e9vang\u00e9lique est devenue florissante quand il a \u00e9crit sa premi\u00e8re chanson <em>&#8216;Ijambo Ryawe&#8217;<\/em> en 2008, qui est sur son premier album &#8220;<em>Akira Iyi Ndirimbo Ngutuye Yesu<\/em>&#8221; lanc\u00e9 officiellement en ao\u00fbt 2015.<\/p>\n<p>Le moment d&#8217;inspiration le plus prolifique de Corneille Karekezi est t\u00f4t dans la matin\u00e9e, comme le prouve sa chanson publiquement acclam\u00e9e appel\u00e9e \u00ab<em>Umuseke Utambitse<\/em>\u00bb, signifiant \u00ab<em>A l\u2019Aube T\u00f4t le Matin<\/em>\u00bb en Fran\u00e7ais, alors que son lieu d&#8217;inspiration le plus prolifique est dans l&#8217;avion, les airs, &#8220;<em>probablement parce que c\u2019est proche de l&#8217;endroit o\u00f9 les gens croient que le ciel se trouve!<\/em>&#8221;<\/p>\n<p>L\u2019inspiration lui parvient de diff\u00e9rentes mani\u00e8res. Selon CK, l\u2019un des chansons du premier album, \u201c<em>Tebuka Yesu Tebuka<\/em>\u201d, bas\u00e9e sur le Psaume 143, lui a \u00e9t\u00e9 r\u00e9v\u00e9l\u00e9e \u00e0 exactement 1:43 du matin come une r\u00e9ponse \u00e0 une attaque de Satan contre son \u00e2me, son esprit et son c\u0153ur.<\/p>\n<p><strong>Les th\u00e8mes des Chants de CK<\/strong><\/p>\n<p>Son premier album contient divers th\u00e8mes comme La Sagesse de Dieu (<em>Yesu Kristo Niwe Bwenge<\/em>), le plan du salut (<em>Akira Iyi Ndirimbo Ngutuye Yesu<\/em>), la vraie chr\u00e9tient\u00e9 (<em>Ninde Wabwira Bene Data<\/em>), la r\u00e9silience des chr\u00e9tiens en face des d\u00e9fis (<em>Urukundo Rwawe Ni Rwiza et Hari Imisozi Iruhije<\/em>), l\u2019espoir de voir la terre promise (<em>Hari Igihugu Cyiza<\/em>), les r\u00f4les et les titres de J\u00e9sus Christ (<em>Reka Tuvuge Yesu<\/em>), la proclamation que J\u00e9sus Christ est la lumi\u00e8re du monde (<em>Yesu Ni Umucyo w\u2019Isi<\/em>), etc.<\/p>\n<p>Son deuxi\u00e8me album qui est sorti en Janvier 2007 contient de nouveaux th\u00e8mes chr\u00e9tiens tels que: le mariage de l\u2019\u00e9pouse de J\u00e9sus Christ (<em>Njye Ndi Umugeni Wawe Yesu<\/em>), l\u2019av\u00e8nement du Seigneur (<em>Dore Igitondo Cyiza Gihoraho<\/em>), pourquoi nous languissons apr\u00e8s Dieu (<em>Kuki Nkwifuza Nkahagizwa<\/em>), la situation d\u00e9plorable des \u00e9glises des derniers temps (<em>Abantu Barakwanze Yesu<\/em>), la n\u00e9cessit\u00e9 du calme et de la tranquillit\u00e9 dans l\u2019adversit\u00e9 (<em>Mutima Wanjye Tuza Rwose<\/em>), la d\u00e9vastation de la langue dans la soci\u00e9t\u00e9 (<em>Ntukite Ku Magambo Yose<\/em>), la pr\u00e9\u00e9minence de la Parole de Dieu (<em>Mbere Na Mbere Hariho<\/em>), l\u2019exaltation du Seigneur pour ses merveilles et sa mis\u00e9ricorde dans nos vies (<em>Ntawagereranywa Na Yesu, Nshima Ndirimba Ndanezerewe<\/em>), le grand appel \u00e0 nous aimer les uns les autres (<em>Nyuzuza Urukundo<\/em>) et la pri\u00e8re pour l&#8217;orientation de Dieu (<em>Fata Ubugingo Bwanjye Yesu<\/em>).<\/p>\n<p><strong>Chanson Bas\u00e9e Strictement sur la Parole de Dieu <\/strong><\/p>\n<p>Les albums \u00e9vang\u00e9liques de Corneille Karekezi sont des collections captivant de chansons et de ballades tir\u00e9es de tous les styles musicaux, allant du reggae, de l\u2019afro beat, du style Asiatique jusqu\u2019au country et du jazz moderne. Lorsqu&#8217;on les analyse de pr\u00e8s, toutes les chansons des albums ont un th\u00e8me central: \u2018J\u00e9sus Christ\u2019. CK aime citer Colossiens 3: 17 \u201c<em>Et quoi que vous fassiez, en paroles ou en \u0153uvres, faites tout au nom du Seigneur J\u00e9sus, en rendant par lui des actions de gr\u00e2ces \u00e0 Dieu le P\u00e8re<\/em>\u201d et il croit que J\u00e9sus-Christ m\u00e9rite la premi\u00e8re place dans tout culte chr\u00e9tien, car Il est la \u00abParole r\u00e9v\u00e9l\u00e9e de Dieu\u00bb et le \u00abFils de Dieu\u00bb, qui sont toutes des v\u00e9rit\u00e9s puissantes comme qu\u2019on trouve dans 1 Jean 5:20 \u201c<em>Nous savons aussi que le Fils de Dieu est venu, et qu\u2019il nous a donn\u00e9 l\u2019intelligence pour connaitre le V\u00e9ritable, et nous sommes dans le V\u00e9ritable en son Fils J\u00e9sus-Christ. C\u2019est Lui qui est le Dieu v\u00e9ritable, et la vie \u00e9ternelle<\/em>\u201d, Esa\u00efe 9:6 \u201c<em>Car un enfant nous est n\u00e9, un fils nous est donn\u00e9, et la domination sera sur son \u00e9paule, on l\u2019appellera Admirable, Conseiller, Dieu Puissant, P\u00e8re \u00e9ternel, Prince de la paix<\/em>\u201d et dans \u00a0Colossiens 2:9 \u201c<em>Car en Lui habite corporellement toute la pl\u00e9nitude de la divinit\u00e9<\/em>\u201d.<\/p>\n<p>Lorsqu\u2019on parle \u00e0 Corneille Karekezi, il y a vraiment quelque chose de frappant: son attachement \u00e0 la Parole de Dieu r\u00e9v\u00e9l\u00e9e dans la Bible. Il t\u00e9moigne avoir v\u00e9rifi\u00e9 chaque mot de ses chansons pour trouver un verset biblique y correspondant litt\u00e9ralement, historiquement ou proph\u00e9tiquement, et confirme que tout ce qu&#8217;il offre au public est en pleine conformit\u00e9 avec la Bible. En effet, les chants de \u201c<em>Bana b\u2019Imana Mumenye<\/em>\u201d et \u201c<em>Mbere na Mbere Hariho<\/em>\u201d viennent souligner la pr\u00e9\u00e9minence de la Parole de Dieu sur les interpr\u00e9tations humaines, \u00abpolitiquement correctes\u00bb ou la conformit\u00e9 aux tendances sociales modernes et aux sectarismes confessionnels.<\/p>\n<p><strong>Des Albums CD \u00e0 \u2018Ne Pas Vendre\u2019 <\/strong><\/p>\n<p>Lorsqu&#8217;on lui demande pourquoi ses albums ne sont \u2018pas \u00e0 vendre\u2019, CK dit que composer des chansons chr\u00e9tiennes ou chanter \u00e0 Dieu est un don spirituel qui \u2018<em>devrait viser le profit de tous<\/em>\u2019, comme Corinthiens 12:7 le dit &#8220;<em>Mais la manifestation de l&#8217;Esprit est donn\u00e9e \u00e0 chacun pour le profit de tous &#8230; <\/em>&#8220;. Pour lui, l&#8217;exploitation de tout don spirituel \u00e0 des fins commerciales n\u2019\u00e9quivaut \u00e0 rien d\u2019autre que la \u00ab<em>vente de J\u00e9sus Christ<\/em>\u00bb. En fait, c\u2019est ce que Judas Iscariote a fait.<\/p>\n<p>Corneille Karekezi, dit simplement que son intention, en publiant ses albums au public, est d&#8217;appliquer les ordres bibliques suivants trouv\u00e9s dans: Colossiens 3:16 \u201c<em>Que la parole de Christ habite parmi vous abondamment; instruisez-vous et exhortez-vous les uns les autres en toute sagesse, par des psaumes, par des hymnes, par des cantiques spirituels, chantant \u00e0 Dieu dans vos c\u0153urs sous l\u2019inspirations de la gr\u00e2ce<\/em>\u201d, Eph\u00e9siens 5:19 \u201c<em>Entretenez-vous par des psaumes, par des hymnes et par cantiques spirituels, chantant et c\u00e9l\u00e9brant de tout votre coeur les louanges du Seigneur<\/em>\u201d; et dans H\u00e9breux 13:15 \u201c<em>Par lui, offrons sans cesse \u00e0 Dieu un sacrifice de louange, c\u2019est \u00e0 dire le fruit de l\u00e8vres qui confessant son Nom.<\/em>\u201d<\/p>\n","protected":false},"excerpt":{"rendered":"<p>Biographie de Monsieur Corneille Karekezi Monsieur Corneille Karekezi est un auteur, un chanteur et un producteur de musique chr\u00e9tienne. Lorsqu&#8217;on lui demande pourquoi il a r\u00e9cemment commenc\u00e9 \u00e0 composer, \u00e0 chanter et \u00e0 publier des chants de louange et d&#8217;\u00e9vang\u00e9lisation, Corneille Karekezi (a.k.a. CK) clarifie qu&#8217;il \u00e9tait d\u00e9j\u00e0 un compositeur de musique chr\u00e9tienne depuis plusieurs &hellip; <a href=\"https:\/\/eaglegospelmusic.com\/fr\/biography\/\" class=\"more-link\">Continue reading <span class=\"screen-reader-text\">Biographie<\/span><\/a><\/p>\n","protected":false},"author":1,"featured_media":0,"parent":0,"menu_order":0,"comment_status":"closed","ping_status":"closed","template":"","meta":{"footnotes":""},"class_list":["post-244","page","type-page","status-publish","hentry"],"_links":{"self":[{"href":"https:\/\/eaglegospelmusic.com\/fr\/wp-json\/wp\/v2\/pages\/244","targetHints":{"allow":["GET"]}}],"collection":[{"href":"https:\/\/eaglegospelmusic.com\/fr\/wp-json\/wp\/v2\/pages"}],"about":[{"href":"https:\/\/eaglegospelmusic.com\/fr\/wp-json\/wp\/v2\/types\/page"}],"author":[{"embeddable":true,"href":"https:\/\/eaglegospelmusic.com\/fr\/wp-json\/wp\/v2\/users\/1"}],"replies":[{"embeddable":true,"href":"https:\/\/eaglegospelmusic.com\/fr\/wp-json\/wp\/v2\/comments?post=244"}],"version-history":[{"count":1,"href":"https:\/\/eaglegospelmusic.com\/fr\/wp-json\/wp\/v2\/pages\/244\/revisions"}],"predecessor-version":[{"id":266,"href":"https:\/\/eaglegospelmusic.com\/fr\/wp-json\/wp\/v2\/pages\/244\/revisions\/266"}],"wp:attachment":[{"href":"https:\/\/eaglegospelmusic.com\/fr\/wp-json\/wp\/v2\/media?parent=244"}],"curies":[{"name":"wp","href":"https:\/\/api.w.org\/{rel}","templated":true}]}}