{"id":220,"date":"2025-01-20T13:01:11","date_gmt":"2025-01-20T18:01:11","guid":{"rendered":"https:\/\/eaglegospelmusic.com\/accueil\/"},"modified":"2025-01-20T13:01:11","modified_gmt":"2025-01-20T18:01:11","slug":"accueil","status":"publish","type":"page","link":"https:\/\/eaglegospelmusic.com\/fr\/","title":{"rendered":"Accueil"},"content":{"rendered":"\n<h1 class=\"wp-block-heading\">Bienvenu au Site web de Eagle Gospel Music<\/h1>\n\n<p>Merci de prendre votre temps pour visiter ce site web. Emerveillez-vous et remplissez votre \u00e2me de paroles inspirantes du Seigneur J\u00e9sus Christ apport\u00e9es \u00e0 travers des hymnes et des chansons spirituelles \u00e0 l\u2019instant m\u00eame.<\/p>\n\n<p>Ecoutez de douces m\u00e9lodies ainsi que des sonorit\u00e9s juteuses de notre musique chretienne et voyez si vous voulez t\u00e9l\u00e9charger votre propre copie des chansons ou demander une copie de nos albums.<\/p>\n\n<p>Nous avons des recueils des chansons chretiennes de Monsieur Corneille Karekezi, un chanteur inspirant de musique chretienne et aussi compositeur de chants. Il a produit un bon nombre de chansons ainsi que deux albums jusqu\u2019\u00e0 2016. Sa pens\u00e9e d\u2019ecrire des chansons intuitives a \u00e9t\u00e9 recompens\u00e9e par des reactions positives, des commentaires positifs et aussi des centaines de requ\u00eates de ses albums.<\/p>\n\n<p>Dans la passion de partager la Parole enonc\u00e9e de Dieu et de guider de milliers d\u2019\u00e2mes, nos chansons peuvent \u00eatre librement t\u00e9l\u00e9charg\u00e9es ou livr\u00e9es sur demande.<\/p>\n","protected":false},"excerpt":{"rendered":"<p>Bienvenu au Site web de Eagle Gospel Music Merci de prendre votre temps pour visiter ce site web. Emerveillez-vous et remplissez votre \u00e2me de paroles inspirantes du Seigneur J\u00e9sus Christ apport\u00e9es \u00e0 travers des hymnes et des chansons spirituelles \u00e0 l\u2019instant m\u00eame. Ecoutez de douces m\u00e9lodies ainsi que des sonorit\u00e9s juteuses de notre musique chretienne &hellip; <a href=\"https:\/\/eaglegospelmusic.com\/fr\/\" class=\"more-link\">Continue reading <span class=\"screen-reader-text\">Accueil<\/span><\/a><\/p>\n","protected":false},"author":1,"featured_media":0,"parent":0,"menu_order":0,"comment_status":"closed","ping_status":"closed","template":"templates\/home.php","meta":{"footnotes":""},"class_list":["post-220","page","type-page","status-publish","hentry"],"_links":{"self":[{"href":"https:\/\/eaglegospelmusic.com\/fr\/wp-json\/wp\/v2\/pages\/220","targetHints":{"allow":["GET"]}}],"collection":[{"href":"https:\/\/eaglegospelmusic.com\/fr\/wp-json\/wp\/v2\/pages"}],"about":[{"href":"https:\/\/eaglegospelmusic.com\/fr\/wp-json\/wp\/v2\/types\/page"}],"author":[{"embeddable":true,"href":"https:\/\/eaglegospelmusic.com\/fr\/wp-json\/wp\/v2\/users\/1"}],"replies":[{"embeddable":true,"href":"https:\/\/eaglegospelmusic.com\/fr\/wp-json\/wp\/v2\/comments?post=220"}],"version-history":[{"count":1,"href":"https:\/\/eaglegospelmusic.com\/fr\/wp-json\/wp\/v2\/pages\/220\/revisions"}],"predecessor-version":[{"id":221,"href":"https:\/\/eaglegospelmusic.com\/fr\/wp-json\/wp\/v2\/pages\/220\/revisions\/221"}],"wp:attachment":[{"href":"https:\/\/eaglegospelmusic.com\/fr\/wp-json\/wp\/v2\/media?parent=220"}],"curies":[{"name":"wp","href":"https:\/\/api.w.org\/{rel}","templated":true}]}}